{"id":94,"date":"2025-09-04T15:37:15","date_gmt":"2025-09-04T13:37:15","guid":{"rendered":"https:\/\/www.primutec.eu\/de\/?page_id=94"},"modified":"2026-02-06T14:09:35","modified_gmt":"2026-02-06T13:09:35","slug":"datenschutzerklaerung","status":"publish","type":"page","link":"https:\/\/www.primutec.eu\/de\/datenschutzerklaerung\/","title":{"rendered":"Datenschutzerkl\u00e4rung"},"content":{"rendered":"<div class=\"jello-row-container py-(--jello-py) container mx-auto px-6\" style=\"--jello-py: var(--space-l-xl)\" ><div class=\"jello-row flex flex-col sm:grid grid-cols-12 gap-6\" ><div class=\"col-span-12 jello-column\" ><div class=\"jello-column-text jello-contains-html\" ><h1>SCHUTZ DER PRIVATSPH\u00c4RE<\/h1>\n<h2>PERSONENBEZOGENE DATEN<\/h2>\n<p>Bei der Erhebung, Verarbeitung und Nutzung Ihrer personenbezogenen Daten halten wir uns strikt an die gesetzlichen Bestimmungen. Wir erfassen, speichern und verarbeiten Ihre Daten zur vollst\u00e4ndigen Abwicklung Ihres Kaufs, einschlie\u00dflich der Erbringung etwaiger Garantieleistungen, zur Erbringung unserer Dienstleistungen und technischen Administration sowie f\u00fcr eigene Marketingzwecke. Ihre Daten werden nur dann an Dritte weitergegeben oder mit diesen geteilt, wenn dies zur Abwicklung Ihrer Bestellung oder zur Abrechnung erforderlich ist oder wenn Sie zuvor Ihre Einwilligung erteilt haben. So erhalten beispielsweise von uns eingesetzte Dienstleister ebenfalls die Daten, die zur Abwicklung Ihrer Bestellung erforderlich sind. Die auf diese Weise weitergegebenen Daten d\u00fcrfen von unseren Dienstleistern ausschlie\u00dflich zur Erf\u00fcllung ihrer Aufgaben verwendet werden. Jede weitere Nutzung der Informationen ist unzul\u00e4ssig. Ihre personenbezogenen Daten werden gel\u00f6scht, sofern dem keine gesetzlichen Aufbewahrungspflichten entgegenstehen, wenn Sie deren L\u00f6schung verlangen, wenn sie f\u00fcr den Zweck der Speicherung nicht mehr erforderlich sind oder wenn ihre Speicherung aus anderen gesetzlichen Gr\u00fcnden unzul\u00e4ssig ist.<\/p>\n<h2>GOOGLE ANALYTICS<\/h2>\n<p>Unsere Website nutzt Google Analytics, einen Webanalysedienst der Google Inc. (\u201eGoogle\u201c). Google Analytics verwendet \u201eCookies\u201c, Textdateien, die in Ihrem Browser gespeichert werden und die eine Analyse Ihrer Nutzung der Website erm\u00f6glichen. Die durch den Cookie erzeugten Informationen \u00fcber Ihren Besuch dieser Website (einschlie\u00dflich Ihrer IP-Adresse) werden an einen Server von Google in den USA \u00fcbertragen und dort gespeichert. Auf dieser Website wird f\u00fcr die IP-Adresse die Anonymisierungsfunktion \u201e_anonymizeIp()\u201c eingesetzt, sodass die IP-Adresse von Google nur in gek\u00fcrzter Form gespeichert und verarbeitet wird, indem die letzten 8 Ziffern abgek\u00fcrzt werden. Google wird diese Informationen verwenden, um Ihren Besuch der Website auszuwerten, um Reports \u00fcber die Websiteaktivit\u00e4ten f\u00fcr die Websitebetreiber zusammenzustellen und um weitere mit der Websitenutzung und der Internetnutzung verbundene Dienstleistungen zu erbringen. Google wird diese Informationen gegebenenfalls auch an Dritte \u00fcbertragen, sofern dies gesetzlich vorgeschrieben ist oder soweit Dritte diese Daten im Auftrag von Google verarbeiten. Google wird Ihre IP-Adresse niemals mit anderen Daten von Google zusammenf\u00fchren. Sie k\u00f6nnen die Installation der Cookies durch eine entsprechende Einstellung Ihrer Browser-Software verhindern. Die Erfassung und Speicherung der Daten durch Google Analytics kann zudem jederzeit mit Wirkung f\u00fcr die Zukunft durch ein Browser-Add-on verhindert werden, das unter <a href=\"http:\/\/tools.google.com\/dlpage\/gaoptout?hl=de\" target=\"blank\" rel=\"noopener\">http:\/\/tools.google.com\/dlpage\/gaoptout?hl=de<\/a> verf\u00fcgbar ist. Durch die Nutzung dieser Website erkl\u00e4ren Sie sich mit der Verarbeitung der \u00fcber Sie erhobenen Daten durch Google in der zuvor beschriebenen Art und Weise und zu dem zuvor benannten Zweck einverstanden. Wenn Sie nicht m\u00f6chten, dass Informationen \u00fcber Ihren Besuch dieser Website an Google Analytics \u00fcbermittelt werden, k\u00f6nnen Sie hier eine Erweiterung f\u00fcr Ihren Internetbrowser herunterladen <a href=\"http:\/\/tools.google.com\/dlpage\/gaoptout?hl=de\" target=\"blank\" rel=\"noopener\">http:\/\/tools.google.com\/dlpage\/gaoptout?hl=de<\/a>.<\/p>\n<h2>COOKIES VON DRITTANBIETERN ALLGEMEIN<\/h2>\n<p>Wir arbeiten mit Werbepartnern zusammen, die uns dabei unterst\u00fctzen, unsere Internetpr\u00e4senz und Ihr Nutzungserlebnis auf unserer Website zu verbessern. Daher werden w\u00e4hrend Ihres Besuchs unserer Website auch Cookies von Partnerunternehmen auf Ihrer Festplatte gespeichert. Dabei handelt es sich sowohl um tempor\u00e4re als auch um permanente Cookies (mit einer Laufzeit zwischen 14 Tagen und 10 Jahren), die nach Ablauf der vorgegebenen Frist automatisch gel\u00f6scht werden. Auch die Cookies unserer Partnerunternehmen enthalten keine personenbezogenen Daten. Daten werden ausschlie\u00dflich unter einem pseudonymen Nutzer-ID erfasst. So kann es sich beispielsweise um Daten dar\u00fcber handeln, welche Produkte Sie angesehen haben, ob Sie etwas gekauft haben, nach welchen Produkten Sie gesucht haben etc. Diese pseudonymen Daten werden niemals mit Ihren personenbezogenen Daten zusammengef\u00fchrt. Der alleinige Zweck dieser Daten besteht darin, unseren Websitepartnern zu erm\u00f6glichen, Ihnen Werbung anzuzeigen, die voraussichtlich f\u00fcr Sie von echtem Interesse ist.<\/p>\n<\/div><\/div><\/div><\/div>\n","protected":false},"excerpt":{"rendered":"SCHUTZ DER PRIVATSPH\u00c4RE PERSONENBEZOGENE DATEN Bei der Erhebung, Verarbeitung und Nutzung Ihrer personenbezogenen Daten halten wir uns strikt an die gesetzlichen Bestimmungen. Wir erfassen, speichern und verarbeiten Ihre Daten zur vollst\u00e4ndigen Abwicklung Ihres Kaufs, einschlie\u00dflich der Erbringung etwaiger Garantieleistungen, zur Erbringung unserer Dienstleistungen und technischen Administration sowie f\u00fcr eigene Marketingzwecke. Ihre Daten werden nur dann [...]","protected":false},"author":2,"featured_media":0,"parent":0,"menu_order":0,"comment_status":"closed","ping_status":"closed","template":"","meta":{"_acf_changed":false,"footnotes":""},"class_list":["post-94","page","type-page","status-publish","hentry"],"acf":[],"_links":{"self":[{"href":"https:\/\/www.primutec.eu\/de\/wp-json\/wp\/v2\/pages\/94","targetHints":{"allow":["GET"]}}],"collection":[{"href":"https:\/\/www.primutec.eu\/de\/wp-json\/wp\/v2\/pages"}],"about":[{"href":"https:\/\/www.primutec.eu\/de\/wp-json\/wp\/v2\/types\/page"}],"author":[{"embeddable":true,"href":"https:\/\/www.primutec.eu\/de\/wp-json\/wp\/v2\/users\/2"}],"replies":[{"embeddable":true,"href":"https:\/\/www.primutec.eu\/de\/wp-json\/wp\/v2\/comments?post=94"}],"version-history":[{"count":5,"href":"https:\/\/www.primutec.eu\/de\/wp-json\/wp\/v2\/pages\/94\/revisions"}],"predecessor-version":[{"id":733,"href":"https:\/\/www.primutec.eu\/de\/wp-json\/wp\/v2\/pages\/94\/revisions\/733"}],"wp:attachment":[{"href":"https:\/\/www.primutec.eu\/de\/wp-json\/wp\/v2\/media?parent=94"}],"curies":[{"name":"wp","href":"https:\/\/api.w.org\/{rel}","templated":true}]}}