{"id":53,"date":"2025-09-04T15:21:56","date_gmt":"2025-09-04T13:21:56","guid":{"rendered":"https:\/\/www.primutec.eu\/de\/?page_id=53"},"modified":"2026-03-16T15:22:11","modified_gmt":"2026-03-16T14:22:11","slug":"neuigkeiten-und-pressemitteilungen","status":"publish","type":"page","link":"https:\/\/www.primutec.eu\/de\/uber-primutec\/neuigkeiten-und-pressemitteilungen\/","title":{"rendered":"Neuigkeiten und Pressemitteilungen"},"content":{"rendered":"<section class=\"jello-row-bg-wrapper row-hero-shape py-(--jello-py) lg:py-(--jello-lg-py)\" style=\"--jello-py: calc(var(--spacing) * 15); --jello-lg-py: calc(var(--spacing) * 30);\" ><div class=\"jello-row-container container mx-auto px-6\" ><div class=\"jello-row flex flex-col sm:grid grid-cols-12 gap-6\" ><div class=\"col-span-12 jello-column flex flex-col items-center\" ><div class=\"jello-column-text jello-contains-html\" ><h1 style=\"text-align: center\">DAS NEUIGKEITEN AUS DEM HAUSE PRIMUTEC<\/h1>\n<\/div><\/div><\/div><\/div><\/section><div class=\"jello-row-container pt-(--jello-pt) pb-(--jello-pb) container mx-auto px-6\" style=\"--jello-pt: var(--space-l-xl); --jello-pb: calc(var(--spacing) * 0);\" ><div class=\"jello-row flex flex-col sm:grid grid-cols-12 gap-6\" ><div class=\"col-span-12 jello-column flex flex-col items-center\" ><div class=\"jello-column-text jello-contains-html max-w-2xl\" ><p class=\"text-xl\" style=\"text-align: center\">Mit zw\u00f6lf f\u00fchrenden Unternehmen in unserer Gruppe f\u00fcr Flachdach, Blitzschutz, Photovoltaik und Sicherheit gibt es immer etwas Neues zu berichten. Folge uns und sei als Erste\/r \u00fcber die neuesten Entwicklungen informiert.<\/p>\n<\/div><\/div><\/div><\/div><div class=\"jello-row-container py-(--jello-py) container mx-auto px-6\" style=\"--jello-py: var(--space-l-xl)\" ><div class=\"jello-row flex flex-col sm:grid grid-cols-12 gap-6\" ><div class=\"col-span-12 jello-column\" ><form class=\"flex flex-col gap-4 news-filter group mb-10\">\n  <div class=\"flex flex-wrap justify-between gap-2 md:gap-4 xl:gap-8 gap-x-4\">\n    <div class=\"filter-group flex flex-col gap-1\">\n      <label class=\"text-sm font-bold\" for=\"countries\">Filter<\/label>\n\n      <div class=\"flex flex-wrap gap-4\">\n        <sl-radio-group id=\"filterType\" name=\"filter_by_type\" value=\"all\">\n          <sl-radio value=\"all\">Alle<\/sl-radio>\n          <sl-radio value=\"news\">Nachrichten<\/sl-radio>\n          <sl-radio value=\"press_release\">Pressemitteilungen<\/sl-radio>\n          <sl-radio value=\"projects\">Projekte<\/sl-radio>\n        <\/sl-radio-group>\n      <\/div>\n    <\/div>\n  <\/div>\n\n  <svg class=\"hidden group-[&.loading]:inline size-5 animate-spin text-white\" xmlns=\"http:\/\/www.w3.org\/2000\/svg\" fill=\"none\" viewBox=\"0 0 24 24\"><circle class=\"opacity-25\" cx=\"12\" cy=\"12\" r=\"10\" stroke=\"currentColor\" stroke-width=\"4\"><\/circle><path class=\"opacity-75\" fill=\"currentColor\" d=\"M4 12a8 8 0 018-8V0C5.373 0 0 5.373 0 12h4zm2 5.291A7.962 7.962 0 014 12H0c0 3.042 1.135 5.824 3 7.938l3-2.647z\"><\/path><\/svg>\n<\/form><div id=\"news-grid\" data-handler=\"Jello\\Components\\NewsOverview\\NewsOverviewController\" class=\"\npeer grid grid-cols-1 sm:grid-cols-2 lg:grid-cols-3 xl:grid-cols-4 gap-x-6 gap-y-10\ntransition-opacity duration-200 ease-in-out opacity-100 [&.loading]:opacity-0 \">\n      <a href=\"https:\/\/www.primutec.eu\/de\/projekte\/the-bright\/\" target=\"_blank\" \n  class=\"bg-white overflow-hidden flex flex-col h-auto \n  group transition-all duration-500 ease-in-out hover:-translate-y-2 featured\">\n      <div class=\"aspect-[3\/2] overflow-hidden\">\n      <img\n        src=\"https:\/\/www.primutec.eu\/de\/wp-content\/uploads\/sites\/5\/2026\/01\/Bright_01-scaled-e1767710807849-840x557.jpg\"\n        alt=\"The Bright, ein verstecktes Juwel in Rotterdam\"\n        class=\"w-full h-full object-cover card-image-shape-large\"\n        loading=\"lazy\"\n        decoding=\"async\">\n    <\/div>\n    \n  <div class=\"p-6 flex flex-col gap-6 flex-1\">\n\n    <span class=\"bg-primutec-gray-500 rounded-lg px-2 py-1 inline-flex items-center justify-center self-start\">Projekt<\/span>\n\n    <h5 class=\"font-medium\">The Bright, ein verstecktes Juwel in Rotterdam<\/h3>\n\n    <i class=\"flex text-primutec-dark-blue text-3xl mt-auto justify-end group-hover:-translate-y-2 transition-transform duration-700 ease-in-out\">\n      <sl-icon library=\"material\" name=\"arrow-outward\"><\/sl-icon>\n    <\/i>\n  <\/div>\n<\/a> \n\n      <a href=\"https:\/\/www.primutec.eu\/de\/projekte\/one-stop-shop-loesung-fuer-das-amsterdam-umc\/\" target=\"_blank\" \n  class=\"bg-white overflow-hidden flex flex-col h-auto \n  group transition-all duration-500 ease-in-out hover:-translate-y-2 \">\n      <div class=\"aspect-[3\/2] overflow-hidden\">\n      <img\n        src=\"https:\/\/www.primutec.eu\/de\/wp-content\/uploads\/sites\/5\/2026\/01\/2023-mei-AMC20230516_0453-840x560.jpg\"\n        alt=\"One-Stop-Shop-L\u00f6sung f\u00fcr das Amsterdam UMC\"\n        class=\"w-full h-full object-cover card-image-shape\"\n        loading=\"lazy\"\n        decoding=\"async\">\n    <\/div>\n    \n  <div class=\"p-6 flex flex-col gap-6 flex-1\">\n\n    <span class=\"bg-primutec-gray-500 rounded-lg px-2 py-1 inline-flex items-center justify-center self-start\">Projekt<\/span>\n\n    <h5 class=\"font-medium\">One-Stop-Shop-L\u00f6sung f\u00fcr das Amsterdam UMC<\/h3>\n\n    <i class=\"flex text-primutec-dark-blue text-3xl mt-auto justify-end group-hover:-translate-y-2 transition-transform duration-700 ease-in-out\">\n      <sl-icon library=\"material\" name=\"arrow-outward\"><\/sl-icon>\n    <\/i>\n  <\/div>\n<\/a> \n\n      <a href=\"https:\/\/www.primutec.eu\/de\/partnerschaft-mit-trill-impact\/\" target=\"_blank\" \n  class=\"bg-white overflow-hidden flex flex-col h-auto \n  group transition-all duration-500 ease-in-out hover:-translate-y-2 \">\n      <div class=\"aspect-[3\/2] overflow-hidden\">\n      <img\n        src=\"https:\/\/www.primutec.eu\/de\/wp-content\/uploads\/sites\/5\/2025\/03\/PSG-X-Trill-Impact.jpg\"\n        alt=\"Partnerschaft mit Trill Impact\"\n        class=\"w-full h-full object-cover card-image-shape\"\n        loading=\"lazy\"\n        decoding=\"async\">\n    <\/div>\n    \n  <div class=\"p-6 flex flex-col gap-6 flex-1\">\n\n    <span class=\"bg-primutec-gray-500 rounded-lg px-2 py-1 inline-flex items-center justify-center self-start\">Pressemitteilung<\/span>\n\n    <h5 class=\"font-medium\">Partnerschaft mit Trill Impact<\/h3>\n\n    <i class=\"flex text-primutec-dark-blue text-3xl mt-auto justify-end group-hover:-translate-y-2 transition-transform duration-700 ease-in-out\">\n      <sl-icon library=\"material\" name=\"arrow-outward\"><\/sl-icon>\n    <\/i>\n  <\/div>\n<\/a> \n\n      <a href=\"https:\/\/www.primutec.eu\/de\/projekte\/theater-rotterdam\/\" target=\"_blank\" \n  class=\"bg-white overflow-hidden flex flex-col h-auto \n  group transition-all duration-500 ease-in-out hover:-translate-y-2 \">\n      <div class=\"aspect-[3\/2] overflow-hidden\">\n      <img\n        src=\"https:\/\/www.primutec.eu\/de\/wp-content\/uploads\/sites\/5\/2026\/01\/Theater-Rotterdam-3-840x559.jpg\"\n        alt=\"Theater Rotterdam\"\n        class=\"w-full h-full object-cover card-image-shape\"\n        loading=\"lazy\"\n        decoding=\"async\">\n    <\/div>\n    \n  <div class=\"p-6 flex flex-col gap-6 flex-1\">\n\n    <span class=\"bg-primutec-gray-500 rounded-lg px-2 py-1 inline-flex items-center justify-center self-start\">Projekt<\/span>\n\n    <h5 class=\"font-medium\">Theater Rotterdam<\/h3>\n\n    <i class=\"flex text-primutec-dark-blue text-3xl mt-auto justify-end group-hover:-translate-y-2 transition-transform duration-700 ease-in-out\">\n      <sl-icon library=\"material\" name=\"arrow-outward\"><\/sl-icon>\n    <\/i>\n  <\/div>\n<\/a> \n\n      <a href=\"https:\/\/www.primutec.eu\/de\/projekte\/re-do-sanierung-bussum\/\" target=\"_blank\" \n  class=\"bg-white overflow-hidden flex flex-col h-auto \n  group transition-all duration-500 ease-in-out hover:-translate-y-2 \">\n      <div class=\"aspect-[3\/2] overflow-hidden\">\n      <img\n        src=\"https:\/\/www.primutec.eu\/de\/wp-content\/uploads\/sites\/5\/2026\/01\/2025-huis-toekomst-groenopbouw-Patina-ADV20250924_2931-840x630.jpg\"\n        alt=\"RE-DO Sanierung Bussum\"\n        class=\"w-full h-full object-cover card-image-shape\"\n        loading=\"lazy\"\n        decoding=\"async\">\n    <\/div>\n    \n  <div class=\"p-6 flex flex-col gap-6 flex-1\">\n\n    <span class=\"bg-primutec-gray-500 rounded-lg px-2 py-1 inline-flex items-center justify-center self-start\">Projekt<\/span>\n\n    <h5 class=\"font-medium\">RE-DO Sanierung Bussum<\/h3>\n\n    <i class=\"flex text-primutec-dark-blue text-3xl mt-auto justify-end group-hover:-translate-y-2 transition-transform duration-700 ease-in-out\">\n      <sl-icon library=\"material\" name=\"arrow-outward\"><\/sl-icon>\n    <\/i>\n  <\/div>\n<\/a> \n\n      <a href=\"https:\/\/www.primutec.eu\/de\/projekte\/the-pulse-of-amsterdam\/\" target=\"_blank\" \n  class=\"bg-white overflow-hidden flex flex-col h-auto \n  group transition-all duration-500 ease-in-out hover:-translate-y-2 \">\n      <div class=\"aspect-[3\/2] overflow-hidden\">\n      <img\n        src=\"https:\/\/www.primutec.eu\/de\/wp-content\/uploads\/sites\/5\/2026\/01\/The-Pulse-1-840x560.jpg\"\n        alt=\"The Pulse of Amsterdam, preisgekr\u00f6ntes Dach\"\n        class=\"w-full h-full object-cover card-image-shape\"\n        loading=\"lazy\"\n        decoding=\"async\">\n    <\/div>\n    \n  <div class=\"p-6 flex flex-col gap-6 flex-1\">\n\n    <span class=\"bg-primutec-gray-500 rounded-lg px-2 py-1 inline-flex items-center justify-center self-start\">Projekt<\/span>\n\n    <h5 class=\"font-medium\">The Pulse of Amsterdam, preisgekr\u00f6ntes Dach<\/h3>\n\n    <i class=\"flex text-primutec-dark-blue text-3xl mt-auto justify-end group-hover:-translate-y-2 transition-transform duration-700 ease-in-out\">\n      <sl-icon library=\"material\" name=\"arrow-outward\"><\/sl-icon>\n    <\/i>\n  <\/div>\n<\/a> \n\n  <\/div>\n<p class=\"hidden not-peer-has-[*]:block text-center text-lg font-bold p-16\">Leider gibt es keine Nachrichtenartikel, die Ihren Filtern entsprechen.<\/p>\n\n  <nav aria-label=\"Paginierungsnavigation\" data-pagination-base=\"page\" \n  aria-controls=\"news-grid\" class=\"jello-pagination flex justify-center mt-8\">\n  <ul class=\"flex items-center gap-1 gap-x-2 text-sm\" role=\"list\">\n          <li class=\"hidden sm:block\">\n                  <span \n            class=\"flex size-[41px] items-center justify-center\n            rounded-full border border-primutec-green font-semibold\" \n            aria-current=\"page\"\n            aria-label=\"Aktuelle Seite, Seite 1\"\n          >\n            1\n          <\/span>\n              <\/li>\n          <li class=\"hidden sm:block\">\n                  <a \n            href=\"https:\/\/www.primutec.eu\/de\/uber-primutec\/neuigkeiten-und-pressemitteilungen\/page\/2\/\"\n            data-page=\"2\"\n            class=\"inline-flex items-center justify-center size-[41px]  \n            rounded-full font-semibold\n            focus:outline-none focus:ring-2 focus:ring-offset-2 \n            border border-transparent\n            hover:border-primutec-green focus:ring-primutec-green\n            transition-colors duration-400\"\n            aria-label=\"Zur Seite gehen 2\"\n          >\n            2\n          <\/a>\n              <\/li>\n          <li class=\"\">\n                  <a \n            href=\"https:\/\/www.primutec.eu\/de\/uber-primutec\/neuigkeiten-und-pressemitteilungen\/page\/2\/\"\n            data-page=\"2\"\n            class=\"inline-flex items-center justify-center size-[41px]  \n            rounded-full transition-colors duration-400 font-semibold\n            focus:outline-none focus:ring-2 focus:ring-offset-2 border border-gray-300\n            bg-primutec-green border border-primutec-green text-white\n            hover:text-primutec-dark-blue focus:ring-primutec-green\"\n            aria-label=\"Zur Seite gehen 2\"\n          >\n                          <span class=\"sr-only\">\n                N\u00e4chste\n              <\/span>\n              <i class=\"text-2xl inline-flex items-center justify-center\">\n                <sl-icon library=\"default\" name=\"arrow-right-short\"><\/sl-icon>\n              <\/i>\n                      <\/a>\n              <\/li>\n      <\/ul>\n<\/nav>\n\n\n\n\n<\/div><\/div><\/div>\n","protected":false},"excerpt":{"rendered":"DAS NEUIGKEITEN AUS DEM HAUSE PRIMUTEC Mit zw\u00f6lf f\u00fchrenden Unternehmen in unserer Gruppe f\u00fcr Flachdach, Blitzschutz, Photovoltaik und Sicherheit gibt es immer etwas Neues zu berichten. Folge uns und sei als Erste\/r \u00fcber die neuesten Entwicklungen informiert. Filter Alle Nachrichten Pressemitteilungen Projekte Projekt The Bright, ein verstecktes Juwel in Rotterdam Projekt One-Stop-Shop-L\u00f6sung f\u00fcr das Amsterdam [...]","protected":false},"author":2,"featured_media":0,"parent":33,"menu_order":0,"comment_status":"closed","ping_status":"closed","template":"","meta":{"_acf_changed":false,"footnotes":""},"class_list":["post-53","page","type-page","status-publish","hentry"],"acf":[],"_links":{"self":[{"href":"https:\/\/www.primutec.eu\/de\/wp-json\/wp\/v2\/pages\/53","targetHints":{"allow":["GET"]}}],"collection":[{"href":"https:\/\/www.primutec.eu\/de\/wp-json\/wp\/v2\/pages"}],"about":[{"href":"https:\/\/www.primutec.eu\/de\/wp-json\/wp\/v2\/types\/page"}],"author":[{"embeddable":true,"href":"https:\/\/www.primutec.eu\/de\/wp-json\/wp\/v2\/users\/2"}],"replies":[{"embeddable":true,"href":"https:\/\/www.primutec.eu\/de\/wp-json\/wp\/v2\/comments?post=53"}],"version-history":[{"count":11,"href":"https:\/\/www.primutec.eu\/de\/wp-json\/wp\/v2\/pages\/53\/revisions"}],"predecessor-version":[{"id":815,"href":"https:\/\/www.primutec.eu\/de\/wp-json\/wp\/v2\/pages\/53\/revisions\/815"}],"up":[{"embeddable":true,"href":"https:\/\/www.primutec.eu\/de\/wp-json\/wp\/v2\/pages\/33"}],"wp:attachment":[{"href":"https:\/\/www.primutec.eu\/de\/wp-json\/wp\/v2\/media?parent=53"}],"curies":[{"name":"wp","href":"https:\/\/api.w.org\/{rel}","templated":true}]}}